{"id":1962,"date":"2023-12-05T13:47:14","date_gmt":"2023-12-05T10:47:14","guid":{"rendered":"https:\/\/panormostattoo.com\/?page_id=1962"},"modified":"2023-12-05T14:13:18","modified_gmt":"2023-12-05T11:13:18","slug":"kvkk-aydinlatma-metni","status":"publish","type":"page","link":"https:\/\/panormostattoo.com\/en\/kvkk-aydinlatma-metni\/","title":{"rendered":"KVKK Information Text"},"content":{"rendered":"<div data-elementor-type=\"wp-page\" data-elementor-id=\"1962\" class=\"elementor elementor-1962\">\n\t\t\t\t\t\t<section class=\"elementor-section elementor-top-section elementor-element elementor-element-7ac33d14 elementor-section-boxed elementor-section-height-default elementor-section-height-default\" data-id=\"7ac33d14\" data-element_type=\"section\" data-e-type=\"section\" data-settings=\"{&quot;background_background&quot;:&quot;classic&quot;,&quot;shape_divider_bottom&quot;:&quot;tilt&quot;}\">\n\t\t\t\t\t\t\t<div class=\"elementor-background-overlay\"><\/div>\n\t\t\t\t\t\t<div class=\"elementor-shape elementor-shape-bottom\" aria-hidden=\"true\" data-negative=\"false\">\n\t\t\t<svg xmlns=\"http:\/\/www.w3.org\/2000\/svg\" viewbox=\"0 0 1000 100\" preserveaspectratio=\"none\">\n\t<path class=\"elementor-shape-fill\" d=\"M0,6V0h1000v100L0,6z\"\/>\n<\/svg>\t\t<\/div>\n\t\t\t\t\t<div class=\"elementor-container elementor-column-gap-default\">\n\t\t\t\t\t<div class=\"elementor-column elementor-col-100 elementor-top-column elementor-element elementor-element-50281f5d\" data-id=\"50281f5d\" data-element_type=\"column\" data-e-type=\"column\">\n\t\t\t<div class=\"elementor-widget-wrap elementor-element-populated\">\n\t\t\t\t\t\t<div class=\"elementor-element elementor-element-5d1449cc elementor-invisible elementor-widget elementor-widget-heading\" data-id=\"5d1449cc\" data-element_type=\"widget\" data-e-type=\"widget\" data-settings=\"{&quot;_animation&quot;:&quot;fadeInLeft&quot;,&quot;ekit_we_effect_on&quot;:&quot;none&quot;}\" data-widget_type=\"heading.default\">\n\t\t\t\t<div class=\"elementor-widget-container\">\n\t\t\t\t\t<h2 class=\"elementor-heading-title elementor-size-default\">KVKK Information Text<\/h2>\t\t\t\t<\/div>\n\t\t\t\t<\/div>\n\t\t\t\t\t<\/div>\n\t\t<\/div>\n\t\t\t\t\t<\/div>\n\t\t<\/section>\n\t\t\t\t<section class=\"elementor-section elementor-top-section elementor-element elementor-element-6c6d4017 elementor-section-boxed elementor-section-height-default elementor-section-height-default\" data-id=\"6c6d4017\" data-element_type=\"section\" data-e-type=\"section\">\n\t\t\t\t\t\t<div class=\"elementor-container elementor-column-gap-default\">\n\t\t\t\t\t<div class=\"elementor-column elementor-col-50 elementor-top-column elementor-element elementor-element-988412c elementor-invisible\" data-id=\"988412c\" data-element_type=\"column\" data-e-type=\"column\" data-settings=\"{&quot;background_background&quot;:&quot;classic&quot;,&quot;animation&quot;:&quot;fadeInUp&quot;}\">\n\t\t\t<div class=\"elementor-widget-wrap elementor-element-populated\">\n\t\t\t\t\t\t<div class=\"elementor-element elementor-element-b14edaf elementor-widget elementor-widget-text-editor\" data-id=\"b14edaf\" data-element_type=\"widget\" data-e-type=\"widget\" data-settings=\"{&quot;ekit_we_effect_on&quot;:&quot;none&quot;}\" data-widget_type=\"text-editor.default\">\n\t\t\t\t<div class=\"elementor-widget-container\">\n\t\t\t\t\t\t\t\t\t<p>This text, all property rights belong to Panormos Tattoo Dovme Supplies Import Export. Education San. Ltd \u015eti (\u201cPanormos\u201d)\u00a0<a href=\"http:\/\/www.dovmemalzeme.com\/\">www.panormostattoo.com<\/a>\u00a0We attach great importance to the processing and preservation of all personal data of all persons associated with the website and Panormos in accordance with the Personal Data Protection Law No. 6698 (\u201cKVK Law\u201d). With full awareness of this responsibility, we process your personal data as explained below and within the limits of the law enacted by the legislation.<\/p><p><strong>Article 1-\u00a0<u>Collection, Processing and Processing Purposes of Personal Data<\/u><\/strong><\/p><p>Although your personal data may vary depending on the service, product or commercial activity provided by Panormos; It can be collected verbally, in writing or electronically, by automatic or non-automatic methods, through offices, websites, social media channels, mobile applications and similar means. As long as you benefit from Panormos&#039; products and services, your personal data can be created, updated and processed. Additionally, when you use our website with the intention of using Panormos services, your personal data may be processed when you visit our website.<\/p><p>Our members who are candidates to participate must have their identity, contact information, working hours, health information (pregnancy, infectious\/chronic disease, allergy\/skin diseases), photographs and videos taken for documentation purposes within the scope of the Seminar; It is processed for the purposes of organizing seminars, providing services within this scope and protecting public health.<\/p><p>Your collected personal data is carried out by our relevant units in order to benefit you from the products and services offered by Panormos, the products and services offered by Panormos are customized and recommended according to your tastes, usage habits and needs, and the legal and commercial matters of Panormos and persons who have a business relationship with Panormos are processed. It will be processed within the personal data processing conditions and purposes specified in Articles 5 and 6 of the KVK Law for the purposes of ensuring security, determining and implementing Panormos&#039; commercial and business strategies, and protecting public health.<\/p><p><strong>Article 2-\u00a0<u>To whom and for what purpose the processed personal data can be transferred<\/u><\/strong><\/p><p>Your collected personal data; Carrying out the necessary work by our units to benefit you from the products and services offered by Panormos, recommending the products and services offered by Panormos by customizing them according to your tastes, usage habits and needs, ensuring the legal and commercial security of Panormos and the people who have business relations with Panormos, Panormos&#039; It may be transferred to our business partners, suppliers, legally authorized public institutions and private persons, within the framework of the personal data processing conditions and purposes specified in Articles 8 and 9 of the KVK Law, for the purposes of determining and implementing &#039;s commercial and business strategies and ensuring the execution of Panormos&#039;s human resources policies. .<\/p><p><strong>Article 3-\u00a0<u>Method and Legal Reason for Collecting Personal Data<\/u><\/strong><\/p><p>Your personal data is obtained in all kinds of verbal, written or electronic media, in line with the above-mentioned purposes, in order to be able to offer the products and services offered by Panormos within the determined legal framework and in this context, to ensure that Panormos can fully and accurately fulfill its contractual and legal responsibilities. Your personal data collected for this legal reason may be processed and transferred for the purposes specified in articles (1) and (2) of this text, within the scope of the personal data processing conditions and purposes specified in articles 5 and 6 of the KVK Law.<\/p><p>\u00a0<\/p><p><strong>Article 4-\u00a0<u>Personal Data Owner&#039;s Rights Listed in Article 11 of the Personal Data Protection Law<\/u><\/strong><\/p><p>As personal data owners, if you submit your requests regarding your rights to Panormos using the methods set out below, Panormos will finalize the request free of charge as soon as possible and within thirty days at the latest, depending on the nature of the request. However, if the transaction requires an additional cost, Panormos will charge the fee at the tariff determined by the Personal Data Protection Board.<\/p><p>In this context, personal data owners;<\/p><p>Learning whether personal data is processed or not,<\/p><p>Requesting information if personal data has been processed,<\/p><p>Learning the purpose of processing personal data and whether they are used for their intended purpose,<\/p><p>Knowing the third parties to whom personal data is transferred at home or abroad,<\/p><p>Requesting correction of personal data in case personal data has been processed incompletely or incorrectly and requesting that the action taken in this context be notified to third parties to whom personal data has been transferred,<\/p><p>Requesting the deletion or destruction of personal data in case the reasons requiring processing are eliminated, even though it has been processed in accordance with the provisions of Law No. 6698 and other relevant laws, and requesting that the action taken in this context be notified to third parties to whom the personal data has been transferred, By analyzing the processed data exclusively through automatic systems, He\/she has the right to object to the emergence of a result against him\/her, and to request compensation for the damage if he\/she suffers damage due to unlawful processing of personal data.<\/p><p>In accordance with the 1st paragraph of Article 13 of Law No. 6698, you can submit your request regarding the use of your above-mentioned rights to us regarding your Detailed Text and Personal Data Transactions.\u00a0<a href=\"mailto:info@dovmemalzeme.com\">info@dovmemalzeme.com<\/a>\u00a0You can contact us via e-mail address.<\/p><p>\u00a0<\/p><p>\u00a0<\/p><p>\u00a0<\/p><p>\u00a0<\/p><p>\u00a0<\/p><p>\u00a0<\/p><p>\u00a0<\/p><p>\u00a0<\/p><p>\u00a0<\/p><p>\u00a0<\/p><p>\u00a0<\/p><p>\u00a0<\/p><p>\u00a0<\/p><p>\u00a0<\/p>\t\t\t\t\t\t\t\t<\/div>\n\t\t\t\t<\/div>\n\t\t\t\t\t<\/div>\n\t\t<\/div>\n\t\t\t\t<div class=\"elementor-column elementor-col-50 elementor-top-column elementor-element elementor-element-3b3c564c elementor-invisible\" data-id=\"3b3c564c\" data-element_type=\"column\" data-e-type=\"column\" data-settings=\"{&quot;animation&quot;:&quot;fadeInRight&quot;}\">\n\t\t\t<div class=\"elementor-widget-wrap elementor-element-populated\">\n\t\t\t\t\t\t<div class=\"elementor-element elementor-element-505403b elementor-invisible elementor-widget elementor-widget-heading\" data-id=\"505403b\" data-element_type=\"widget\" data-e-type=\"widget\" data-settings=\"{&quot;_animation&quot;:&quot;fadeInLeft&quot;,&quot;ekit_we_effect_on&quot;:&quot;none&quot;}\" data-widget_type=\"heading.default\">\n\t\t\t\t<div class=\"elementor-widget-container\">\n\t\t\t\t\t<h2 class=\"elementor-heading-title elementor-size-default\"><a href=\"https:\/\/panormostattoo.com\/en\/cerez-aydinlatma-metni\/\">Cookie Information Text<\/a><\/h2>\t\t\t\t<\/div>\n\t\t\t\t<\/div>\n\t\t\t\t\t<\/div>\n\t\t<\/div>\n\t\t\t\t\t<\/div>\n\t\t<\/section>\n\t\t\t\t<\/div>","protected":false},"excerpt":{"rendered":"<p>\u0130\u015fbu metin, t\u00fcm m\u00fclkiyet haklar\u0131 Panormos Tattoo Dovme Malzemeleri \u0130thalat \u0130hracat. E\u011fitim San. Ltd \u015eti\u2019ne (\u201cPanormos\u201d) ait olan\u00a0www.panormostattoo.com\u00a0web sitesi ve Panormos ile ili\u015fkili t\u00fcm \u015fah\u0131slara ait her t\u00fcrl\u00fc ki\u015fisel verilerin 6698 say\u0131l\u0131 Ki\u015fisel Verilerin Korunmas\u0131 Kanunu (\u201cKVK Kanunu\u201d)\u2019na uygun olarak i\u015flenerek, muhafaza edilmesine b\u00fcy\u00fck \u00f6nem vermekteyiz. Bu sorumlulu\u011fumuzun tam idraki ile ki\u015fisel verilerinizi a\u015fa\u011f\u0131da izah [&hellip;]<\/p>\n","protected":false},"author":1,"featured_media":0,"parent":0,"menu_order":0,"comment_status":"closed","ping_status":"closed","template":"","meta":{"footnotes":""},"class_list":["post-1962","page","type-page","status-publish","hentry"],"_links":{"self":[{"href":"https:\/\/panormostattoo.com\/en\/wp-json\/wp\/v2\/pages\/1962","targetHints":{"allow":["GET"]}}],"collection":[{"href":"https:\/\/panormostattoo.com\/en\/wp-json\/wp\/v2\/pages"}],"about":[{"href":"https:\/\/panormostattoo.com\/en\/wp-json\/wp\/v2\/types\/page"}],"author":[{"embeddable":true,"href":"https:\/\/panormostattoo.com\/en\/wp-json\/wp\/v2\/users\/1"}],"replies":[{"embeddable":true,"href":"https:\/\/panormostattoo.com\/en\/wp-json\/wp\/v2\/comments?post=1962"}],"version-history":[{"count":10,"href":"https:\/\/panormostattoo.com\/en\/wp-json\/wp\/v2\/pages\/1962\/revisions"}],"predecessor-version":[{"id":1993,"href":"https:\/\/panormostattoo.com\/en\/wp-json\/wp\/v2\/pages\/1962\/revisions\/1993"}],"wp:attachment":[{"href":"https:\/\/panormostattoo.com\/en\/wp-json\/wp\/v2\/media?parent=1962"}],"curies":[{"name":"wp","href":"https:\/\/api.w.org\/{rel}","templated":true}]}}